{"id":7788,"date":"2017-02-19T10:30:25","date_gmt":"2017-02-19T10:30:25","guid":{"rendered":"http:\/\/themicart.com\/test1\/?page_id=7788"},"modified":"2025-10-03T12:25:07","modified_gmt":"2025-10-03T12:25:07","slug":"home-1","status":"publish","type":"page","link":"https:\/\/www.kachle-silvania.sk\/","title":{"rendered":"DOMOV"},"content":{"rendered":"<section class=\"wpb-content-wrapper\"><p>[vc_row el_class=&#8220;overlapped&#8220; css=&#8220;.vc_custom_1661594145356{margin-top: -170px !important;border-top-width: 1px !important;border-right-width: 1px !important;border-bottom-width: 1px !important;border-left-width: 1px !important;padding-top: 70px !important;padding-right: 70px !important;padding-bottom: 50px !important;padding-left: 70px !important;background-color: #ffffff !important;background-position: center !important;background-repeat: no-repeat !important;background-size: cover !important;border-left-color: #e0e0e0 !important;border-left-style: solid !important;border-right-color: #e0e0e0 !important;border-right-style: solid !important;border-top-color: #e0e0e0 !important;border-top-style: solid !important;border-bottom-color: #e0e0e0 !important;border-bottom-style: solid !important;border-radius: 1px !important;}&#8220;][vc_column width=&#8220;1\/4&#8243; css=&#8220;.vc_custom_1534854800763{padding-right: 0px !important;padding-left: 0px !important;}&#8220;][vc_column_text css=&#8220;.vc_custom_1676745441459{padding-bottom: 3px !important;}&#8220;]<\/p>\n<h2>\u010co je Terakota a ako sa vyr\u00e1ba?<\/h2>\n<p>[\/vc_column_text]<div class=\"dash style-dark default\"><\/div>[\/vc_column][vc_column width=&#8220;3\/4&#8243;][vc_column_text]<\/p>\n<h4>Slovo terakota poch\u00e1dza z talianskeho \u201eterra cotta\u201c a znamen\u00e1 vyprahnut\u00e1, sp\u00e1len\u00e1 krajina. Terakotov\u00e9 dla\u017edice (terakotov\u00e9 dla\u017eby) sa vyr\u00e1baj\u00fa procesom p\u00e1lenia vybran\u00fdch druhov hliny. Terakota je kameninov\u00e1 dla\u017eba ktor\u00e1 je vyroben\u00e1 z jemnozrnnej hliny, o\u010disten\u00e1 a starostlivo vybran\u00e1. Na jej v\u00fdrobu sa vyberaj\u00fa dva druhy hladkej hliny alebo text\u00farovanej hliny. To jej terakota v\u010fa\u010d\u00ed za s\u00fdte farby a trvanlivos\u0165.<\/h4>\n<p>[\/vc_column_text][\/vc_column][\/vc_row][vc_row full_width=&#8220;stretch_row&#8220; equal_height=&#8220;yes&#8220; content_placement=&#8220;middle&#8220; css=&#8220;.vc_custom_1661603586901{background-color: #ffffff !important;background-position: 0 0 !important;background-repeat: repeat !important;}&#8220;][vc_column width=&#8220;8\/12&#8243;][vc_single_image image=&#8220;13437&#8243; onclick=&#8220;custom_link&#8220; link=&#8220;https:\/\/www.kachle-silvania.sk\/?page_id=7950&#8243;][\/vc_column][vc_column width=&#8220;4\/12&#8243;][vc_row_inner el_class=&#8220;overlap-left&#8220;][vc_column_inner el_class=&#8220;shadow-box&#8220;]<span class=\"subtitle dash-true style-dark text-default\">AKTU\u00c1LNE SKLADOM<\/span>[vc_column_text css=&#8220;.vc_custom_1676745506955{margin-bottom: 20px !important;}&#8220;]<\/p>\n<h2>AKTU\u00c1LNA SKLADOV\u00c1 PONUKA<\/h2>\n<h4>Vyberte si z aktu\u00e1lnej ponuky, ktor\u00fa pr\u00e1ve dr\u017e\u00edme na sklade. T\u00fato ponuku aktualizujeme raz t\u00fd\u017edenne.<\/h4>\n<p>[\/vc_column_text]<a href=\"https:\/\/www.kachle-silvania.sk\/?page_id=7950\" class=\"btn btn-primary arrow-right\"><span>Uk\u00e1za\u0165 ponuku<\/span><\/a>[\/vc_column_inner][\/vc_row_inner][\/vc_column][\/vc_row][vc_row full_width=&#8220;stretch_row&#8220; equal_height=&#8220;yes&#8220; content_placement=&#8220;middle&#8220; css=&#8220;.vc_custom_1661603569852{background: #ffffff url(http:\/\/www.kamna-sucansky.cz\/wp-content\/uploads\/2018\/04\/vertical-lines-3.png?id=10096) !important;background-position: 0 0 !important;background-repeat: repeat !important;}&#8220;][vc_column width=&#8220;4\/12&#8243;][vc_row_inner css=&#8220;.vc_custom_1661724092795{margin-right: -90px !important;padding-right: 50px !important;}&#8220; el_class=&#8220;overlap-right&#8220;][vc_column_inner el_class=&#8220;shadow-box&#8220;]<span class=\"subtitle dash-true style-dark text-default\">V\u0161etky modely kachl\u00ed<\/span>[vc_column_text css=&#8220;.vc_custom_1676745670074{margin-bottom: 20px !important;}&#8220;]<\/p>\n<h2>V\u0160ETKY PON\u00daKAN\u00c9 MODELY<\/h2>\n<h4>V\u0161etky kachle je mo\u017en\u00e9 vyrobi\u0165 v 5 farebn\u00fdch mo\u017enostiach a tie\u017e s Pravou alebo \u013davou orient\u00e1ciou.<\/h4>\n<p>[\/vc_column_text]<a href=\"https:\/\/www.kachle-silvania.sk\/?page_id=13504\" class=\"btn btn-primary arrow-right\"><span>Uk\u00e1za\u0165 ponuku<\/span><\/a>[\/vc_column_inner][\/vc_row_inner][\/vc_column][vc_column width=&#8220;8\/12&#8243;][vc_single_image image=&#8220;13438&#8243; onclick=&#8220;custom_link&#8220; link=&#8220;https:\/\/www.kachle-silvania.sk\/?page_id=13504&#8243;][\/vc_column][\/vc_row][vc_row full_width=&#8220;stretch_row&#8220; css=&#8220;.vc_custom_1536834657229{background: #333333 url(http:\/\/www.kamna-sucansky.cz\/wp-content\/uploads\/2018\/05\/vertical-lines-light-2.png?id=11374) !important;background-position: 0 0 !important;background-repeat: repeat !important;}&#8220; el_class=&#8220;body-dark spaced&#8220;][vc_column width=&#8220;1\/3&#8243;]<span class=\"subtitle dash-true style-dark text-default\">Keramick\u00e9 Kachle<\/span>[vc_column_text]<\/p>\n<h1>Terakota je druh neglazovanej keramiky vyrobenej za vysok\u00e9ho \u017eiaru.<\/h1>\n<p>[\/vc_column_text][\/vc_column][vc_column width=&#8220;1\/3&#8243;][vc_empty_space height=&#8220;20px&#8220;][vc_column_text]<\/p>\n<h4>Je to p\u00e1len\u00e1 p\u00f3rovit\u00e1 hlina tehlovej, hnedej alebo hnedo\u017eltej farby. Ide o por\u00e9zny neglazovan\u00fd v\u00fdrobok z p\u00e1lenej hliny. Terakota je zn\u00e1ma u\u017e od praveku. Od staroveku je vyu\u017e\u00edvan\u00e1 na v\u00fdrobu umeleckoremeseln\u00fdch, dekora\u010dn\u00fdch i \u00fa\u017eitkov\u00fdch predmetov. Na jej v\u00fdrobu sa pou\u017e\u00edva hned\u00e1 \u00edlovit\u00e1 hlina s pr\u00edmesou v\u00e1penca. V\u00fdrobky dosahuj\u00fa vysok\u00fdm \u017eiarom a dlh\u00fdm vypa\u013eovan\u00edm charakteristickej hnedooran\u017eovej farby.<\/h4>\n<p>[\/vc_column_text][\/vc_column][vc_column width=&#8220;1\/3&#8243;][vc_empty_space height=&#8220;20px&#8220;][vc_column_text]<\/p>\n<h4>Terakotov\u00e9 kachle predstavuj\u00fa mobiln\u00fa a estetick\u00fa alternat\u00edvu vykurovania pre milovn\u00edkov hor\u00facich keramick\u00fdch obkladov. Spojenie v\u00fdhod prenosn\u00fdch kach\u013eov\u00fdch pec\u00ed a krbovej vlo\u017eky. Ide o vysoko \u00fa\u010dinn\u00e9 dekorat\u00edvne rie\u0161enie. Jeho in\u0161tal\u00e1cia je jednoduch\u00e1, r\u00fdchla a \u013eahko rie\u0161ite\u013en\u00e1 v ka\u017edej miestnosti s kom\u00ednom. Terakotov\u00e9 kachle dnes za\u017e\u00edva renesanciu, preto\u017ee ide o dizajn z pr\u00edrodn\u00fdch materi\u00e1lov.<\/h4>\n<p>[\/vc_column_text][\/vc_column][\/vc_row][vc_row][vc_column][vc_empty_space height=&#8220;150px&#8220;][\/vc_column][\/vc_row][vc_row][vc_column width=&#8220;1\/3&#8243;][vc_empty_space height=&#8220;100px&#8220;]<span class=\"subtitle dash-true style-dark text-default\">Modely kachl\u00ed<\/span>[vc_column_text css=&#8220;.vc_custom_1676745875522{margin-bottom: 20px !important;}&#8220;]<\/p>\n<h1>MODELY<\/h1>\n<h4>V\u0161etky kachle je mo\u017en\u00e9 vyrobi\u0165 v 5 farebn\u00fdch mo\u017enostiach a tie\u017e s Pravou alebo \u013davou orient\u00e1ciou.<\/h4>\n<p>[\/vc_column_text][vc_empty_space height=&#8220;50px&#8220;][\/vc_column][vc_column width=&#8220;1\/3&#8243;][vc_single_image image=&#8220;13461&#8243;][\/vc_column][vc_column width=&#8220;1\/3&#8243;][vc_single_image image=&#8220;13462&#8243;][\/vc_column][\/vc_row][vc_row][vc_column width=&#8220;1\/3&#8243;][vc_single_image image=&#8220;13455&#8243;][\/vc_column][vc_column width=&#8220;1\/3&#8243;][vc_single_image image=&#8220;13476&#8243;][\/vc_column][vc_column width=&#8220;1\/3&#8243;][vc_single_image image=&#8220;13438&#8243;][\/vc_column][\/vc_row][vc_row][vc_column width=&#8220;1\/3&#8243;][vc_single_image image=&#8220;13470&#8243;][\/vc_column][vc_column width=&#8220;1\/3&#8243;][vc_single_image image=&#8220;13471&#8243;][\/vc_column][vc_column width=&#8220;1\/3&#8243;][vc_single_image image=&#8220;13460&#8243;][\/vc_column][\/vc_row][vc_row][vc_column][vc_empty_space height=&#8220;100px&#8220;][\/vc_column][\/vc_row][vc_row][vc_column][vc_column_text]<\/p>\n<h2>Ak\u00fd v\u00fdkon kachl\u00ed zvoli\u0165?<\/h2>\n<p>[\/vc_column_text][vc_single_image image=&#8220;13541&#8243; alignment=&#8220;center&#8220;][vc_column_text]<\/p>\n<h4>Mus\u00edme bra\u0165 do \u00favahy aj spotrebu paliva. Jeden kg drevnej hmoty dok\u00e1\u017ee vyprodukova\u0165 pribli\u017ene 4 kW v\u00fdkonu za hodinu pri 100% \u00fa\u010dinnosti. \u00da\u010dinnos\u0165 terakotov\u00fdch kachl\u00ed je cca 80%. To znamen\u00e1, \u017ee 1 kg dreva vyprodukuje 3,2 kW za hodinu.<\/h4>\n<h4>Pri v\u00fdkone 10 kW je to teda spotreba paliva 3,13 kg na hodinu.<\/h4>\n<h4>* Je samozrejme rozdiel medzi m\u00e4kk\u00fdm a tvrd\u00fdm drevom. Tieto v\u00fdpo\u010dty s\u00fa po\u010d\u00edtan\u00e9 na priemer.<\/h4>\n<p>[\/vc_column_text][vc_empty_space height=&#8220;100px&#8220;][\/vc_column][\/vc_row][vc_row full_width=&#8220;stretch_row&#8220; css=&#8220;.vc_custom_1536762810540{background: #5d4444 url(http:\/\/www.kamna-sucansky.cz\/wp-content\/uploads\/2018\/05\/vertical-lines-light-2.png?id=11374) !important;background-position: 0 0 !important;background-repeat: repeat !important;}&#8220; el_class=&#8220;spaced&#8220;][vc_column width=&#8220;1\/3&#8243;]<span class=\"subtitle dash-true style-light text-default\">Terakotov\u00e9 keramick\u00e9 kachle<\/span>[vc_column_text css=&#8220;.vc_custom_1676746445166{margin-bottom: 30px !important;}&#8220;]<\/p>\n<h1 style=\"color: white;\"><span style=\"color: #ffffff;\">Terakotov\u00e9 kachle s\u00fa sam\u00e9 o sebe mimoriadne u\u017eito\u010dn\u00fdm a ekonomick\u00fdm hor\u00e1kom.<\/span><\/h1>\n<p>[\/vc_column_text][\/vc_column][vc_column width=&#8220;2\/3&#8243;][vc_column_text]<\/p>\n<div id=\"pgc-8512-1-1\" class=\"panel-grid-cell\">\n<div id=\"panel-8512-1-1-0\" class=\"so-panel widget widget_black-studio-tinymce widget_black_studio_tinymce panel-first-child panel-last-child\" data-index=\"2\">\n<div class=\"animate animate-2 panel-widget-style panel-widget-style-for-8512-1-1-0 visible\">\n<div class=\"textwidget\">\n<h4><span style=\"color: #ffffff;\">V \u017eiadnej dom\u00e1cnosti nem\u00f4\u017ee ch\u00fdba\u0165 spr\u00e1vny spor\u00e1k! Zauj\u00edmav\u00e9 je, \u017ee samotn\u00fd dizajn sa v priebehu storo\u010d\u00ed pr\u00edli\u0161 nezmenil, preto\u017ee z h\u013eadiska funk\u010dnosti hr\u00e1 spor\u00e1k st\u00e1le pri varen\u00ed relevantn\u00fa \u00falohu. S rozvojom technol\u00f3gi\u00ed sa v\u0161ak zmenila ich in\u0161tal\u00e1cia a \u0161trukt\u00fara. Jedn\u00fdm zo z\u00e1kladn\u00fdch o\u010dak\u00e1van\u00ed modernej doby je funk\u010dnos\u0165. V\u00fdrobcovia sa sna\u017eia zl\u00fa\u010di\u0165 \u010do najviac funkci\u00ed do jedinej \u0161trukt\u00fary, \u010d\u00edm \u0161etria \u010das, energiu, priestor a n\u00e1klady. Toto krit\u00e9rium dokonale sp\u013a\u0148a terakotov\u00fd spor\u00e1k, ktor\u00fd n\u00e1m umo\u017e\u0148uje s\u00fa\u010dasne vari\u0165 jedlo a vyr\u00e1ba\u0165 teplo na vykurovanie priestorov. Nedoch\u00e1dza tak k plytvaniu teplom, v\u010faka \u010domu s\u00fa terakotov\u00e9 kachle mimoriadne cenovo v\u00fdhodnou vo\u013ebou a odpor\u00fa\u010daj\u00fa sa aj pre \u00fasporu miesta.<br \/>\n<\/span><br \/>\n<span style=\"color: #ffffff;\">Terakotov\u00e9 kachle maj\u00fa v z\u00e1sade dve hlavn\u00e9 funkcie: preto\u017ee hovor\u00edme o kachliach, hlavnou \u00falohou je generova\u0165 a uklada\u0165 teplo, sl\u00fa\u017ei na vykurovanie domov a men\u0161\u00edch priestorov. Navy\u0161e z\u00edskava aj \u010fal\u0161ie funkcie v kuchyni. V porovnan\u00ed s klasick\u00fdm spor\u00e1kom. Terakotov\u00e9 kachle maj\u00fa platni\u010dku, tak\u017ee varenie aj ohrev vody sa st\u00e1va jednoduch\u00fdm av neposlednom rade ekonomickou prev\u00e1dzkou. Navy\u0161e v\u010faka obkladom poskytuje dlhotrvaj\u00face teplo.<\/span><\/h4>\n<h4><span style=\"color: #ffffff;\">Existuje nieko\u013eko modelov terakotov\u00fdch kachl\u00ed. Vzh\u013eadom na to, \u017ee tento jedine\u010dn\u00fd produkt, ktor\u00fd je mo\u017en\u00e9 pou\u017ei\u0165 na varenie, sa v dne\u0161nej dobe op\u00e4\u0165 stal ve\u013emi ob\u013e\u00faben\u00fdm.<\/span><\/h4>\n<\/div>\n<\/div>\n<\/div>\n<\/div>\n<p>[\/vc_column_text][\/vc_column][\/vc_row][vc_row][vc_column][vc_empty_space height=&#8220;150px&#8220;][\/vc_column][\/vc_row][vc_row][vc_column width=&#8220;1\/4&#8243;][vc_empty_space height=&#8220;1px&#8220;]<span class=\"subtitle dash-true style-dark text-default\">Dopl\u0148ky<\/span>[vc_column_text css=&#8220;.vc_custom_1676745995538{margin-bottom: 20px !important;}&#8220;]<\/p>\n<h1>DOPLNKY KU KACHLIAM<\/h1>\n<h4>Ku kachliam s r\u00farou si m\u00f4\u017eete vybra\u0165 z viacer\u00fdch r\u00f4znych doplnkov.<\/h4>\n<p>[\/vc_column_text][vc_empty_space height=&#8220;50px&#8220;][\/vc_column][vc_column width=&#8220;1\/4&#8243;][vc_single_image image=&#8220;13441&#8243;][\/vc_column][vc_column width=&#8220;1\/4&#8243;][vc_single_image image=&#8220;13439&#8243;][\/vc_column][vc_column width=&#8220;1\/4&#8243;][vc_single_image image=&#8220;13464&#8243;][\/vc_column][\/vc_row][vc_row][vc_column][vc_empty_space height=&#8220;50px&#8220;][\/vc_column][\/vc_row][vc_column width=&#8220;1\/4&#8243; css=&#8220;.vc_custom_1534926839578{padding-top: 0px !important;padding-right: 0px !important;}&#8220;][\/vc_column][vc_column width=&#8220;1\/4&#8243; css=&#8220;.vc_custom_1534926848043{padding-top: 0px !important;padding-right: 0px !important;padding-left: 0px !important;}&#8220;][\/vc_column][vc_column width=&#8220;1\/4&#8243; css=&#8220;.vc_custom_1534926855140{padding-top: 0px !important;padding-right: 0px !important;padding-left: 0px !important;}&#8220;][\/vc_column][vc_column width=&#8220;1\/4&#8243; css=&#8220;.vc_custom_1534926865189{padding-top: 0px !important;padding-left: 0px !important;}&#8220;][\/vc_column]<\/p>\n<\/section>","protected":false},"excerpt":{"rendered":"<p>[vc_row el_class=&#8220;overlapped&#8220; css=&#8220;.vc_custom_1661594145356{margin-top: -170px !important;border-top-width: 1px !important;border-right-width: 1px !important;border-bottom-width: 1px !important;border-left-width: 1px !important;padding-top: 70px !important;padding-right: 70px !important;padding-bottom: 50px !important;padding-left: 70px !important;background-color: #ffffff !important;background-position: center !important;background-repeat: no-repeat !important;background-size: cover !important;border-left-color: #e0e0e0 !important;border-left-style: solid !important;border-right-color: #e0e0e0 !important;border-right-style: solid !important;border-top-color: #e0e0e0 !important;border-top-style: solid !important;border-bottom-color: #e0e0e0 !important;border-bottom-style: solid !important;border-radius: 1px !important;}&#8220;][vc_column width=&#8220;1\/4&#8243; css=&#8220;.vc_custom_1534854800763{padding-right: 0px !important;padding-left: 0px !important;}&#8220;][vc_column_text css=&#8220;.vc_custom_1676745441459{padding-bottom: 3px [&hellip;]<\/p>\n","protected":false},"author":1,"featured_media":0,"parent":0,"menu_order":0,"comment_status":"closed","ping_status":"closed","template":"page-slider.php","meta":{"om_disable_all_campaigns":false,"_monsterinsights_skip_tracking":false,"_monsterinsights_sitenote_active":false,"_monsterinsights_sitenote_note":"","_monsterinsights_sitenote_category":0,"footnotes":""},"class_list":["post-7788","page","type-page","status-publish","hentry"],"acf":[],"aioseo_notices":[],"_links":{"self":[{"href":"https:\/\/www.kachle-silvania.sk\/index.php?rest_route=\/wp\/v2\/pages\/7788","targetHints":{"allow":["GET"]}}],"collection":[{"href":"https:\/\/www.kachle-silvania.sk\/index.php?rest_route=\/wp\/v2\/pages"}],"about":[{"href":"https:\/\/www.kachle-silvania.sk\/index.php?rest_route=\/wp\/v2\/types\/page"}],"author":[{"embeddable":true,"href":"https:\/\/www.kachle-silvania.sk\/index.php?rest_route=\/wp\/v2\/users\/1"}],"replies":[{"embeddable":true,"href":"https:\/\/www.kachle-silvania.sk\/index.php?rest_route=%2Fwp%2Fv2%2Fcomments&post=7788"}],"version-history":[{"count":19,"href":"https:\/\/www.kachle-silvania.sk\/index.php?rest_route=\/wp\/v2\/pages\/7788\/revisions"}],"predecessor-version":[{"id":13775,"href":"https:\/\/www.kachle-silvania.sk\/index.php?rest_route=\/wp\/v2\/pages\/7788\/revisions\/13775"}],"wp:attachment":[{"href":"https:\/\/www.kachle-silvania.sk\/index.php?rest_route=%2Fwp%2Fv2%2Fmedia&parent=7788"}],"curies":[{"name":"wp","href":"https:\/\/api.w.org\/{rel}","templated":true}]}}