{"id":13516,"date":"2023-02-16T21:58:59","date_gmt":"2023-02-16T21:58:59","guid":{"rendered":"https:\/\/www.kachle-silvania.sk\/?page_id=13516"},"modified":"2023-02-18T19:16:32","modified_gmt":"2023-02-18T19:16:32","slug":"kontakty","status":"publish","type":"page","link":"https:\/\/www.kachle-silvania.sk\/?page_id=13516","title":{"rendered":"KONTAKTY"},"content":{"rendered":"<section class=\"wpb-content-wrapper\"><p>[vc_row full_width=&#8220;stretch_row&#8220; css=&#8220;.vc_custom_1676584789596{margin-top: -150px !important;margin-right: 0px !important;margin-bottom: 0px !important;margin-left: 0px !important;border-top-width: 0px !important;border-right-width: 0px !important;border-bottom-width: 0px !important;border-left-width: 0px !important;padding-top: 0px !important;padding-right: 0px !important;padding-bottom: 0px !important;padding-left: 0px !important;background-image: url(http:\/\/www.kamna-sucansky.cz\/wp-content\/uploads\/2022\/08\/log-gc835069c7_1920.jpg?id=13623) !important;background-position: center !important;background-repeat: no-repeat !important;background-size: cover !important;}&#8220;][vc_column][vc_empty_space height=&#8220;200px&#8220;][vc_column_text css=&#8220;.vc_custom_1676747394676{margin-top: 0px !important;margin-bottom: 0px !important;border-top-width: 0px !important;border-bottom-width: 0px !important;padding-top: 0px !important;padding-bottom: 0px !important;}&#8220;]<\/p>\n<h4 style=\"text-align: center;\"><span style=\"color: #f2ebd8;\">Kontakty<\/span><\/h4>\n<h1 class=\"page-title animated fadeInDown\" style=\"text-align: center;\"><span style=\"color: #ffffff;\">KONTAKTN\u00c9 INFORM\u00c1CIE<\/span><\/h1>\n<p style=\"text-align: center;\"><span style=\"color: #f2ebd8;\">_____<\/span><\/p>\n<h4 style=\"text-align: center;\"><span style=\"color: #f2ebd8;\">Kontaktujte n\u00e1s telefonicky alebo e-mailom<\/span><\/h4>\n<p>[\/vc_column_text][vc_empty_space height=&#8220;320px&#8220;][\/vc_column][\/vc_row][vc_row full_width=&#8220;stretch_row&#8220; gap=&#8220;35&#8243; css=&#8220;.vc_custom_1661608369513{margin-top: -100px !important;padding-bottom: 60px !important;background-color: #ffffff !important;}&#8220;][vc_column width=&#8220;1\/2&#8243; el_class=&#8220;on-top&#8220;][vc_row_inner el_class=&#8220;overlapped&#8220;][vc_column_inner el_class=&#8220;shadow-box&#8220;][vc_empty_space]<span class=\"subtitle dash-false style-dark text-default\">Kontakty<\/span>[vc_column_text]<\/p>\n<h1>KONTAKTUJTE N\u00c1S<\/h1>\n<p>[\/vc_column_text]<div class=\"dash style-dark default\"><\/div>[vc_column_text]<\/p>\n<h4>V pr\u00edpade ak\u00fdchko\u013evek ot\u00e1zok oh\u013eadom kachl\u00ed n\u00e1s nev\u00e1hajte kontaktova\u0165.<\/h4>\n<h4>Sme tu pre V\u00e1s ka\u017ed\u00fd pracovn\u00fd de\u0148 od 8:00 do 17:00.<\/h4>\n<p>[\/vc_column_text]<div class=\"feature-box icon-title-only slim box-default spacing-1 spacing-mob-30\"><span class=\"lnr lnr-phone\"><\/span><div class=\"content-wrapper\"><h3 class=\"feature-title\">0902 890 471<\/h3><\/div><\/div><div class=\"feature-box icon-title-only slim box-default spacing-1 spacing-mob-30\"><span class=\"lnr lnr-envelope\"><\/span><div class=\"content-wrapper\"><h3 class=\"feature-title\">ferikjozef@gmail.com<\/h3><\/div><\/div><div class=\"feature-box icon-title-only slim box-default spacing-1 spacing-mob-30\"><span class=\"lnr lnr-home\"><\/span><div class=\"content-wrapper\"><h3 class=\"feature-title\">SILVANIA s. r. o., r. s. p.<\/h3><\/div><\/div><div class=\"feature-box icon-title-only slim box-default spacing-30 spacing-mob-30\"><span class=\"lnr lnr-location\"><\/span><div class=\"content-wrapper\"><h3 class=\"feature-title\">M.R.\u0160tef\u00e1nika 14, 990 01, Ve\u013ek\u00fd Krt\u00ed\u0161<\/h3><\/div><\/div>[\/vc_column_inner][\/vc_row_inner][\/vc_column][vc_column width=&#8220;1\/2&#8243;][vc_single_image image=&#8220;13462&#8243;][\/vc_column][\/vc_row]<\/p>\n<\/section>","protected":false},"excerpt":{"rendered":"<p>[vc_row full_width=&#8220;stretch_row&#8220; css=&#8220;.vc_custom_1676584789596{margin-top: -150px !important;margin-right: 0px !important;margin-bottom: 0px !important;margin-left: 0px !important;border-top-width: 0px !important;border-right-width: 0px !important;border-bottom-width: 0px !important;border-left-width: 0px !important;padding-top: 0px !important;padding-right: 0px !important;padding-bottom: 0px !important;padding-left: 0px !important;background-image: url(http:\/\/www.kamna-sucansky.cz\/wp-content\/uploads\/2022\/08\/log-gc835069c7_1920.jpg?id=13623) !important;background-position: center !important;background-repeat: no-repeat !important;background-size: cover !important;}&#8220;][vc_column][vc_empty_space height=&#8220;200px&#8220;][vc_column_text css=&#8220;.vc_custom_1676747394676{margin-top: 0px !important;margin-bottom: 0px !important;border-top-width: 0px !important;border-bottom-width: 0px !important;padding-top: 0px !important;padding-bottom: 0px !important;}&#8220;] Kontakty KONTAKTN\u00c9 INFORM\u00c1CIE _____ Kontaktujte n\u00e1s [&hellip;]<\/p>\n","protected":false},"author":1,"featured_media":0,"parent":0,"menu_order":0,"comment_status":"closed","ping_status":"closed","template":"","meta":{"om_disable_all_campaigns":false,"_monsterinsights_skip_tracking":false,"_monsterinsights_sitenote_active":false,"_monsterinsights_sitenote_note":"","_monsterinsights_sitenote_category":0,"footnotes":""},"class_list":["post-13516","page","type-page","status-publish","hentry"],"acf":[],"aioseo_notices":[],"_links":{"self":[{"href":"https:\/\/www.kachle-silvania.sk\/index.php?rest_route=\/wp\/v2\/pages\/13516","targetHints":{"allow":["GET"]}}],"collection":[{"href":"https:\/\/www.kachle-silvania.sk\/index.php?rest_route=\/wp\/v2\/pages"}],"about":[{"href":"https:\/\/www.kachle-silvania.sk\/index.php?rest_route=\/wp\/v2\/types\/page"}],"author":[{"embeddable":true,"href":"https:\/\/www.kachle-silvania.sk\/index.php?rest_route=\/wp\/v2\/users\/1"}],"replies":[{"embeddable":true,"href":"https:\/\/www.kachle-silvania.sk\/index.php?rest_route=%2Fwp%2Fv2%2Fcomments&post=13516"}],"version-history":[{"count":7,"href":"https:\/\/www.kachle-silvania.sk\/index.php?rest_route=\/wp\/v2\/pages\/13516\/revisions"}],"predecessor-version":[{"id":13533,"href":"https:\/\/www.kachle-silvania.sk\/index.php?rest_route=\/wp\/v2\/pages\/13516\/revisions\/13533"}],"wp:attachment":[{"href":"https:\/\/www.kachle-silvania.sk\/index.php?rest_route=%2Fwp%2Fv2%2Fmedia&parent=13516"}],"curies":[{"name":"wp","href":"https:\/\/api.w.org\/{rel}","templated":true}]}}